{"id":1001,"date":"2025-03-27T15:30:49","date_gmt":"2025-03-27T18:30:49","guid":{"rendered":"http:\/\/apromal.org.br\/?page_id=1001"},"modified":"2025-04-09T18:26:05","modified_gmt":"2025-04-09T21:26:05","slug":"dirigentes","status":"publish","type":"page","link":"https:\/\/apromal.org.br\/?page_id=1001","title":{"rendered":"DIRIGENTES"},"content":{"rendered":"\n<p class=\"has-small-font-size\" style=\"line-height:1.5\"><strong>Presidente<\/strong> &#8211; Nath\u00e1lia de Lima Cat\u00e3o (Procuradora do Munic\u00edpio de S\u00e3o Miguel do Campos)<br><strong>Vice-Presidente<\/strong> &#8211; Diego Costa Pereira (Procurador do Munic\u00edpio de Belo Monte)<\/p>\n\n\n\n<p class=\"has-small-font-size\" style=\"line-height:1.5\"><strong>Secret\u00e1rio Geral<\/strong> &#8211; Bruno Kiefer Lelis (Procurador do Munic\u00edpio de Macei\u00f3)<\/p>\n\n\n\n<p class=\"has-small-font-size\" style=\"line-height:1.5\"><strong>Diretora Administrativa<\/strong> &#8211; T\u00e1ssia dos Anjos Andrade (Procuradora do Munic\u00edpio de Macei\u00f3)<\/p>\n\n\n\n<p class=\"has-small-font-size\" style=\"line-height:1.5\"><strong>Diretor Financeiro<\/strong> &#8211; Bernardo Leopardi Gon\u00e7alves Barretto Bastos (Procurador do Munic\u00edpio de Rio Largo)<\/p>\n\n\n\n<p class=\"has-small-font-size\" style=\"line-height:1.5\"><strong>Diretora de Rela\u00e7\u00f5es Institucionais<\/strong> &#8211; Marialice Assump\u00e7\u00e3o Loureiro L\u00f4bo (Procuradora do Munic\u00edpio de Arapiraca)<\/p>\n\n\n\n<p class=\"has-small-font-size\" style=\"line-height:1.5\"><strong>Diretor Jur\u00eddico<\/strong> &#8211; Rafael Paiva de Almeida (Procurador do Munic\u00edpio de Rio Largo)<\/p>\n\n\n\n<p class=\"has-small-font-size\" style=\"line-height:1.5\"><strong>Diretor de Comunica\u00e7\u00f5es<\/strong> &#8211; Ricardo Alexandre de Ara\u00fajo Porf\u00edrio (Procurador do Munic\u00edpio de Coruripe)<\/p>\n\n\n\n<p class=\"has-small-font-size\" style=\"line-height:1.5\"><strong>Diretora da Regional da Zona da Mata<\/strong> &#8211; Ana Luiza Costa Cavalcanti Manso (Procuradora do Munic\u00edpio de Pindoba)<\/p>\n\n\n\n<p class=\"has-small-font-size\" style=\"line-height:1.5\"><strong>Diretora da Regional do Agreste<\/strong> &#8211; Lorena de Medeiros Barros Melo (Procuradora do Munic\u00edpio de Arapiraca)<\/p>\n\n\n\n<p class=\"has-small-font-size\" style=\"line-height:1.5\"><strong>Diretora da Regional do Sert\u00e3o<\/strong> &#8211; Caroline Oliveira Damasceno (Procuradora do Munic\u00edpio de Delmiro Gouveia)<\/p>\n","protected":false},"excerpt":{"rendered":"<p>Presidente &#8211; Nath\u00e1lia de Lima Cat\u00e3o (Procuradora do Munic\u00edpio de<\/p>\n","protected":false},"author":1,"featured_media":0,"parent":0,"menu_order":0,"comment_status":"closed","ping_status":"closed","template":"","meta":{"footnotes":""},"class_list":["post-1001","page","type-page","status-publish","hentry"],"_links":{"self":[{"href":"https:\/\/apromal.org.br\/index.php?rest_route=\/wp\/v2\/pages\/1001","targetHints":{"allow":["GET"]}}],"collection":[{"href":"https:\/\/apromal.org.br\/index.php?rest_route=\/wp\/v2\/pages"}],"about":[{"href":"https:\/\/apromal.org.br\/index.php?rest_route=\/wp\/v2\/types\/page"}],"author":[{"embeddable":true,"href":"https:\/\/apromal.org.br\/index.php?rest_route=\/wp\/v2\/users\/1"}],"replies":[{"embeddable":true,"href":"https:\/\/apromal.org.br\/index.php?rest_route=%2Fwp%2Fv2%2Fcomments&post=1001"}],"version-history":[{"count":5,"href":"https:\/\/apromal.org.br\/index.php?rest_route=\/wp\/v2\/pages\/1001\/revisions"}],"predecessor-version":[{"id":1090,"href":"https:\/\/apromal.org.br\/index.php?rest_route=\/wp\/v2\/pages\/1001\/revisions\/1090"}],"wp:attachment":[{"href":"https:\/\/apromal.org.br\/index.php?rest_route=%2Fwp%2Fv2%2Fmedia&parent=1001"}],"curies":[{"name":"wp","href":"https:\/\/api.w.org\/{rel}","templated":true}]}}