{"id":1012,"date":"2025-03-27T15:37:58","date_gmt":"2025-03-27T18:37:58","guid":{"rendered":"http:\/\/apromal.org.br\/?page_id=1012"},"modified":"2025-04-16T11:07:31","modified_gmt":"2025-04-16T14:07:31","slug":"presidente-e-ex-presidentes","status":"publish","type":"page","link":"https:\/\/apromal.org.br\/?page_id=1012","title":{"rendered":"PRESIDENTE E EX-PRESIDENTES"},"content":{"rendered":"\n<div class=\"wp-block-columns is-layout-flex wp-container-core-columns-is-layout-28f84493 wp-block-columns-is-layout-flex\">\n<div class=\"wp-block-column is-layout-flow wp-block-column-is-layout-flow\">\n<figure class=\"wp-block-image size-full\"><img loading=\"lazy\" decoding=\"async\" width=\"640\" height=\"640\" src=\"http:\/\/apromal.org.br\/wp-content\/uploads\/2025\/04\/Nathalia.jpeg\" alt=\"\" class=\"wp-image-1066\" style=\"aspect-ratio:1;object-fit:cover\" srcset=\"https:\/\/apromal.org.br\/wp-content\/uploads\/2025\/04\/Nathalia.jpeg 640w, https:\/\/apromal.org.br\/wp-content\/uploads\/2025\/04\/Nathalia-300x300.jpeg 300w, https:\/\/apromal.org.br\/wp-content\/uploads\/2025\/04\/Nathalia-150x150.jpeg 150w\" sizes=\"auto, (max-width: 640px) 100vw, 640px\" \/><\/figure>\n<\/div>\n\n\n\n<div class=\"wp-block-column is-layout-flow wp-block-column-is-layout-flow\">\n<figure class=\"wp-block-image size-large\"><img loading=\"lazy\" decoding=\"async\" width=\"748\" height=\"1024\" src=\"http:\/\/apromal.org.br\/wp-content\/uploads\/2025\/04\/Victor-748x1024.jpeg\" alt=\"\" class=\"wp-image-1064\" style=\"aspect-ratio:1;object-fit:cover\" srcset=\"https:\/\/apromal.org.br\/wp-content\/uploads\/2025\/04\/Victor-748x1024.jpeg 748w, https:\/\/apromal.org.br\/wp-content\/uploads\/2025\/04\/Victor-219x300.jpeg 219w, https:\/\/apromal.org.br\/wp-content\/uploads\/2025\/04\/Victor-768x1051.jpeg 768w, https:\/\/apromal.org.br\/wp-content\/uploads\/2025\/04\/Victor-1122x1536.jpeg 1122w, https:\/\/apromal.org.br\/wp-content\/uploads\/2025\/04\/Victor-1024x1402.jpeg 1024w, https:\/\/apromal.org.br\/wp-content\/uploads\/2025\/04\/Victor.jpeg 1169w\" sizes=\"auto, (max-width: 748px) 100vw, 748px\" \/><\/figure>\n<\/div>\n\n\n\n<div class=\"wp-block-column is-layout-flow wp-block-column-is-layout-flow\">\n<figure class=\"wp-block-image size-large\"><img loading=\"lazy\" decoding=\"async\" width=\"749\" height=\"1024\" src=\"http:\/\/apromal.org.br\/wp-content\/uploads\/2025\/04\/Tiago-2019-2020-749x1024.jpeg\" alt=\"\" class=\"wp-image-1093\" style=\"aspect-ratio:1;object-fit:cover\" srcset=\"https:\/\/apromal.org.br\/wp-content\/uploads\/2025\/04\/Tiago-2019-2020-749x1024.jpeg 749w, https:\/\/apromal.org.br\/wp-content\/uploads\/2025\/04\/Tiago-2019-2020-219x300.jpeg 219w, https:\/\/apromal.org.br\/wp-content\/uploads\/2025\/04\/Tiago-2019-2020-768x1050.jpeg 768w, https:\/\/apromal.org.br\/wp-content\/uploads\/2025\/04\/Tiago-2019-2020-1123x1536.jpeg 1123w, https:\/\/apromal.org.br\/wp-content\/uploads\/2025\/04\/Tiago-2019-2020-1024x1401.jpeg 1024w, https:\/\/apromal.org.br\/wp-content\/uploads\/2025\/04\/Tiago-2019-2020.jpeg 1169w\" sizes=\"auto, (max-width: 749px) 100vw, 749px\" \/><\/figure>\n<\/div>\n<\/div>\n\n\n\n<figure class=\"wp-block-table aligncenter has-small-font-size\"><table class=\"has-fixed-layout\" style=\"border-style:none;border-width:0px\"><tbody><tr><td class=\"has-text-align-left\" data-align=\"left\"><strong>Nathalia de Lima Cat\u00e3o<\/strong><\/td><td class=\"has-text-align-left\" data-align=\"left\"><strong>Victor Oliveira Silva<\/strong><\/td><td class=\"has-text-align-left\" data-align=\"left\"><strong>Tiago Mario Chagas Ferro Coelho Da Paz<\/strong><br><\/td><\/tr><tr><td class=\"has-text-align-left\" data-align=\"left\"><strong>2025-2026<\/strong><br>Procuradora Municipal de S\u00e3o Miguel dos Campos. Mestra em Direito pela Universidade Federal de Pernambuco (UFPE), especialista em Direito Internacional e graduada em Direito pela Universidade Federal de Alagoas (UFAL). Professora de Direito Constitucional e de Direito Internacional. Professora Orientadora da Liga Acad\u00eamica de Direito Constitucional do Centro Universit\u00e1rio Tiradentes (UNIT-AL). Tem experi\u00eancia na \u00e1rea de Direito Constitucional, Direito Internacional e Direitos Humanos.<\/td><td class=\"has-text-align-left\" data-align=\"left\"><strong>2021-2024<\/strong><br>Procurador do Munic\u00edpio de Macei\u00f3. Advogado, ex-procurador do Distrito Federal e ex-presidente da Associa\u00e7\u00e3o das Procuradoras e Procuradores dos Munic\u00edpios do Estado de Alagoas (APROMAL). Assessor Especial da Presid\u00eancia e Diretor Adjunto de Assuntos Legislativos da Associa\u00e7\u00e3o Nacional dos Procuradores Municipais (ANPM). Delegado da ANPM em Alagoas. Mestre em Justi\u00e7a Administrativa pela Universidade Federal Fluminense. Especialista em Direito P\u00fablico e em Direito do Estado pela Universidade C\u00e2ndido Mendes.<\/td><td class=\"has-text-align-left\" data-align=\"left\"><strong>2019-2020<\/strong><br>Procurador do Munic\u00edpio de Arapiraca. Advogado, professor universit\u00e1rio, mestre em Administra\u00e7\u00e3o P\u00fablica &#8211; PROFIAP\/UFAL. Especialista em Direito Tribut\u00e1rio e Direito Imobili\u00e1rio.<\/td><\/tr><\/tbody><\/table><\/figure>\n\n\n\n<div class=\"wp-block-columns is-layout-flex wp-container-core-columns-is-layout-28f84493 wp-block-columns-is-layout-flex\">\n<div class=\"wp-block-column is-layout-flow wp-block-column-is-layout-flow\" style=\"flex-basis:33.34%\">\n<div class=\"wp-block-group is-layout-constrained wp-block-group-is-layout-constrained\">\n<div class=\"wp-block-columns is-layout-flex wp-container-core-columns-is-layout-28f84493 wp-block-columns-is-layout-flex\">\n<div class=\"wp-block-column is-layout-flow wp-block-column-is-layout-flow\" style=\"flex-basis:100%\">\n<figure class=\"wp-block-image size-large\"><img loading=\"lazy\" decoding=\"async\" width=\"768\" height=\"1024\" src=\"http:\/\/apromal.org.br\/wp-content\/uploads\/2025\/04\/Bernardo-2017-2018-768x1024.jpeg\" alt=\"\" class=\"wp-image-1091\" style=\"aspect-ratio:1;object-fit:cover\" srcset=\"https:\/\/apromal.org.br\/wp-content\/uploads\/2025\/04\/Bernardo-2017-2018-768x1024.jpeg 768w, https:\/\/apromal.org.br\/wp-content\/uploads\/2025\/04\/Bernardo-2017-2018-225x300.jpeg 225w, https:\/\/apromal.org.br\/wp-content\/uploads\/2025\/04\/Bernardo-2017-2018-1152x1536.jpeg 1152w, https:\/\/apromal.org.br\/wp-content\/uploads\/2025\/04\/Bernardo-2017-2018-1024x1365.jpeg 1024w, https:\/\/apromal.org.br\/wp-content\/uploads\/2025\/04\/Bernardo-2017-2018.jpeg 1200w\" sizes=\"auto, (max-width: 768px) 100vw, 768px\" \/><\/figure>\n<\/div>\n<\/div>\n<\/div>\n<\/div>\n\n\n\n<div class=\"wp-block-column is-layout-flow wp-block-column-is-layout-flow\" style=\"flex-basis:33.34%\">\n<figure class=\"wp-block-image size-large\"><img loading=\"lazy\" decoding=\"async\" width=\"864\" height=\"1024\" src=\"http:\/\/apromal.org.br\/wp-content\/uploads\/2025\/04\/Diego-2015-2016-864x1024.jpeg\" alt=\"\" class=\"wp-image-1094\" style=\"aspect-ratio:1;object-fit:cover\" srcset=\"https:\/\/apromal.org.br\/wp-content\/uploads\/2025\/04\/Diego-2015-2016-864x1024.jpeg 864w, https:\/\/apromal.org.br\/wp-content\/uploads\/2025\/04\/Diego-2015-2016-253x300.jpeg 253w, https:\/\/apromal.org.br\/wp-content\/uploads\/2025\/04\/Diego-2015-2016-768x910.jpeg 768w, https:\/\/apromal.org.br\/wp-content\/uploads\/2025\/04\/Diego-2015-2016-1296x1536.jpeg 1296w, https:\/\/apromal.org.br\/wp-content\/uploads\/2025\/04\/Diego-2015-2016-1024x1214.jpeg 1024w, https:\/\/apromal.org.br\/wp-content\/uploads\/2025\/04\/Diego-2015-2016.jpeg 1350w\" sizes=\"auto, (max-width: 864px) 100vw, 864px\" \/><\/figure>\n<\/div>\n\n\n\n<div class=\"wp-block-column is-layout-flow wp-block-column-is-layout-flow\" style=\"flex-basis:33.33%\">\n<figure class=\"wp-block-image size-large\"><img loading=\"lazy\" decoding=\"async\" width=\"915\" height=\"1024\" src=\"http:\/\/apromal.org.br\/wp-content\/uploads\/2025\/04\/Karla-2013-2014-915x1024.jpeg\" alt=\"\" class=\"wp-image-1095\" style=\"aspect-ratio:1;object-fit:cover\" srcset=\"https:\/\/apromal.org.br\/wp-content\/uploads\/2025\/04\/Karla-2013-2014-915x1024.jpeg 915w, https:\/\/apromal.org.br\/wp-content\/uploads\/2025\/04\/Karla-2013-2014-268x300.jpeg 268w, https:\/\/apromal.org.br\/wp-content\/uploads\/2025\/04\/Karla-2013-2014-768x859.jpeg 768w, https:\/\/apromal.org.br\/wp-content\/uploads\/2025\/04\/Karla-2013-2014-1373x1536.jpeg 1373w, https:\/\/apromal.org.br\/wp-content\/uploads\/2025\/04\/Karla-2013-2014-1024x1146.jpeg 1024w, https:\/\/apromal.org.br\/wp-content\/uploads\/2025\/04\/Karla-2013-2014.jpeg 1430w\" sizes=\"auto, (max-width: 915px) 100vw, 915px\" \/><\/figure>\n<\/div>\n<\/div>\n\n\n\n<figure class=\"wp-block-table is-style-regular has-small-font-size\"><table class=\"has-fixed-layout\" style=\"border-style:none;border-width:0px\"><tbody><tr><td class=\"has-text-align-left\" data-align=\"left\"><strong>Bernardo Leopardi Gon\u00e7alves Barretto Bastos<br><\/strong><\/td><td class=\"has-text-align-left\" data-align=\"left\"><strong>Diego\u00a0 Le\u00e3o Fonseca<br><\/strong><\/td><td class=\"has-text-align-left\" data-align=\"left\"><strong>Karla\u00a0 Alexsandra Falc\u00e3o Vieira Celestino<br><\/strong><\/td><\/tr><tr><td class=\"has-text-align-left\" data-align=\"left\"><strong>2017-2018<\/strong><br>Procurador do Munic\u00edpio de Rio Largo &#8211; AL. Professor, advogado, engenheiro civil, mestre em engenharia pela PUC-Rio. Ex-procurador da cidade de S\u00e3o Paulo e atual secret\u00e1rio-geral da ANPM (Associa\u00e7\u00e3o Nacional dos Procuradores Municipais). Exerce a fun\u00e7\u00e3o de coordenador de projetos de desenvolvimento de software e inova\u00e7\u00e3o tecnol\u00f3gica aplicados ao setor p\u00fablico e \u00e0 industria.<\/td><td class=\"has-text-align-left\" data-align=\"left\"><strong>2015-2016<\/strong><br>Procurador do Munic\u00edpio de Penedo &#8211; AL. Graduado em Direito e Administra\u00e7\u00e3o P\u00fablica pela Universidade Federal de Alagoas. S\u00f3cio do escrit\u00f3rio Almeida, Delduque, Fonseca e Rizzo Advogados Associados (ADFR Advogados). \u00c9 mediador formado pela C\u00e2mara de Media\u00e7\u00f5es e Arbitragem de Alagoas (CAMEAL). Exerceu os cargos de Diretor Social (2016\/2017) e membro do Conselho Deliberativo da referida ANPM (Associa\u00e7\u00e3o Nacional dos Procuradores Municipais) no bi\u00eanio 2018-2020.<\/td><td class=\"has-text-align-left\" data-align=\"left\"><strong>2013-2014<\/strong><br>Procuradora do Munic\u00edpio de Campo Alegre &#8211; AL. Doutora em Direito pela Universidade de Mar\u00edlia (UNIMAR), sua tese defendida em 2022, intitula-se &#8220;A coopera\u00e7\u00e3o do advogado p\u00fablico municipal no desenvolvimento sustent\u00e1vel: postulado \u00e9tico da dignidade da pessoa humana&#8221;.<\/td><\/tr><\/tbody><\/table><\/figure>\n","protected":false},"excerpt":{"rendered":"<p>Nathalia de Lima Cat\u00e3o Victor Oliveira Silva Tiago Mario Chagas<\/p>\n","protected":false},"author":1,"featured_media":0,"parent":0,"menu_order":0,"comment_status":"closed","ping_status":"closed","template":"","meta":{"footnotes":""},"class_list":["post-1012","page","type-page","status-publish","hentry"],"_links":{"self":[{"href":"https:\/\/apromal.org.br\/index.php?rest_route=\/wp\/v2\/pages\/1012","targetHints":{"allow":["GET"]}}],"collection":[{"href":"https:\/\/apromal.org.br\/index.php?rest_route=\/wp\/v2\/pages"}],"about":[{"href":"https:\/\/apromal.org.br\/index.php?rest_route=\/wp\/v2\/types\/page"}],"author":[{"embeddable":true,"href":"https:\/\/apromal.org.br\/index.php?rest_route=\/wp\/v2\/users\/1"}],"replies":[{"embeddable":true,"href":"https:\/\/apromal.org.br\/index.php?rest_route=%2Fwp%2Fv2%2Fcomments&post=1012"}],"version-history":[{"count":5,"href":"https:\/\/apromal.org.br\/index.php?rest_route=\/wp\/v2\/pages\/1012\/revisions"}],"predecessor-version":[{"id":1110,"href":"https:\/\/apromal.org.br\/index.php?rest_route=\/wp\/v2\/pages\/1012\/revisions\/1110"}],"wp:attachment":[{"href":"https:\/\/apromal.org.br\/index.php?rest_route=%2Fwp%2Fv2%2Fmedia&parent=1012"}],"curies":[{"name":"wp","href":"https:\/\/api.w.org\/{rel}","templated":true}]}}