{"id":2,"date":"2025-02-26T15:13:37","date_gmt":"2025-02-26T15:13:37","guid":{"rendered":"http:\/\/apromal.org.br\/?page_id=2"},"modified":"2025-04-16T14:09:58","modified_gmt":"2025-04-16T17:09:58","slug":"sample-page","status":"publish","type":"page","link":"https:\/\/apromal.org.br\/?page_id=2","title":{"rendered":"INSTITUCIONAL"},"content":{"rendered":"\n<p><\/p>\n\n\n\n<p class=\"has-text-align-left has-black-color has-text-color has-link-color has-mdm-large-font-size wp-elements-9b327e231fb8cd46ed19f45cd927f2f9\" style=\"border-style:none;border-width:0px;border-radius:0px;margin-top:0;margin-bottom:0;padding-top:0;padding-right:0;padding-bottom:0;padding-left:0;line-height:2\">Fundada aos 23 de maio de 2012, a Associa\u00e7\u00e3o das Procuradoras e dos Procuradores dos Munic\u00edpios do Estado de Alagoas (APROMAL) tem como miss\u00e3o, representar e defender os interesses dos procuradores municipais do estado, promovendo o fortalecimento institucional e a valoriza\u00e7\u00e3o da carreira. A associa\u00e7\u00e3o busca assegurar a autonomia t\u00e9cnica e jur\u00eddica dos profissionais, contribuindo para a efici\u00eancia da administra\u00e7\u00e3o p\u00fablica municipal.<\/p>\n\n\n\n<p><\/p>\n","protected":false},"excerpt":{"rendered":"<p>Fundada aos 23 de maio de 2012, a Associa\u00e7\u00e3o das<\/p>\n","protected":false},"author":1,"featured_media":0,"parent":0,"menu_order":0,"comment_status":"closed","ping_status":"open","template":"","meta":{"footnotes":""},"class_list":["post-2","page","type-page","status-publish","hentry"],"_links":{"self":[{"href":"https:\/\/apromal.org.br\/index.php?rest_route=\/wp\/v2\/pages\/2","targetHints":{"allow":["GET"]}}],"collection":[{"href":"https:\/\/apromal.org.br\/index.php?rest_route=\/wp\/v2\/pages"}],"about":[{"href":"https:\/\/apromal.org.br\/index.php?rest_route=\/wp\/v2\/types\/page"}],"author":[{"embeddable":true,"href":"https:\/\/apromal.org.br\/index.php?rest_route=\/wp\/v2\/users\/1"}],"replies":[{"embeddable":true,"href":"https:\/\/apromal.org.br\/index.php?rest_route=%2Fwp%2Fv2%2Fcomments&post=2"}],"version-history":[{"count":5,"href":"https:\/\/apromal.org.br\/index.php?rest_route=\/wp\/v2\/pages\/2\/revisions"}],"predecessor-version":[{"id":1111,"href":"https:\/\/apromal.org.br\/index.php?rest_route=\/wp\/v2\/pages\/2\/revisions\/1111"}],"wp:attachment":[{"href":"https:\/\/apromal.org.br\/index.php?rest_route=%2Fwp%2Fv2%2Fmedia&parent=2"}],"curies":[{"name":"wp","href":"https:\/\/api.w.org\/{rel}","templated":true}]}}